{"id":805,"date":"2020-10-20T16:16:18","date_gmt":"2020-10-20T13:16:18","guid":{"rendered":"http:\/\/localhost\/wordpress\/?post_type=product&#038;p=805"},"modified":"2020-12-05T12:09:50","modified_gmt":"2020-12-05T09:09:50","slug":"ziedadulkiu-dovana-dezuteje-namelis","status":"publish","type":"product","link":"https:\/\/www.biciusodzius.lt\/lt\/produktas\/ziedadulkiu-dovana-dezuteje-namelis\/","title":{"rendered":"\u017diedadulk\u0117s d\u0117\u017eut\u0117je \"Namelis\""},"content":{"rendered":"<div id=\"tab-description\" class=\"woocommerce-Tabs-panel woocommerce-Tabs-panel--description panel entry-content active\" role=\"tabpanel\" aria-labelledby=\"tab-title-description\">\n<p>\u017diedadulk\u0117se itin daug baltym\u0173. Jose yra vis\u0173 esmini\u0173 amino r\u016bg\u0161\u010di\u0173, \u012fvairi\u0173 riebi\u0173j\u0173 r\u016bg\u0161\u010di\u0173, vitamin\u0173 B, C, D, E, K ir A. Bit\u0117s rinkdamos nektar\u0105 \u017eieduose, pasidengia \u017eiedadulk\u0117mis, po to praturtina jas \u012fvairiais fermentais, hormonais ir nat\u016braliais antibijotikais.<\/p>\n<p>Kaip naudoti \u017eiedadulkes?<\/p>\n<ul>\n<li>Puiku, jei kelias valandas prie\u0161 vartodami \u017eiedadulkes paliksite i\u0161tirpti stiklin\u0117je vandens ar sul\u010di\u0173. Tuomet jos bus geriau \u012fsisavinamos. \u017dinoma, vartojant i\u0161 karto, taip pat nemenka dalis nauding\u0173j\u0173 med\u017eiag\u0173 pateks \u012f j\u016bs\u0173 kraujotak\u0105.<\/li>\n<li>Taip pat galite \u017eiedadulk\u0117mis gardinti jogurt\u0105, vaisi\u0173 ar dar\u017eovi\u0173 salotas, granol\u0105, pusry\u010di\u0173 ko\u0161\u0119 ir tt.<\/li>\n<li>Rekomenduojama per par\u0105 suvartoti apie 1-2 arbatinius \u0161auk\u0161telius.<\/li>\n<\/ul>\n<\/div>","protected":false},"excerpt":{"rendered":"<p>\u017eiedadulk\u0117s 150 g. stiklain\u0117lyje, dovan\u0173 d\u0117\u017eut\u0117je \"Namelis\"<\/p>","protected":false},"featured_media":806,"comment_status":"open","ping_status":"closed","template":"","meta":{"_monsterinsights_skip_tracking":false,"_monsterinsights_sitenote_active":false,"_monsterinsights_sitenote_note":"","_monsterinsights_sitenote_category":0},"product_cat":[15],"product_tag":[130,134,135,132,131],"_links":{"self":[{"href":"https:\/\/www.biciusodzius.lt\/lt\/wp-json\/wp\/v2\/product\/805"}],"collection":[{"href":"https:\/\/www.biciusodzius.lt\/lt\/wp-json\/wp\/v2\/product"}],"about":[{"href":"https:\/\/www.biciusodzius.lt\/lt\/wp-json\/wp\/v2\/types\/product"}],"replies":[{"embeddable":true,"href":"https:\/\/www.biciusodzius.lt\/lt\/wp-json\/wp\/v2\/comments?post=805"}],"wp:featuredmedia":[{"embeddable":true,"href":"https:\/\/www.biciusodzius.lt\/lt\/wp-json\/wp\/v2\/media\/806"}],"wp:attachment":[{"href":"https:\/\/www.biciusodzius.lt\/lt\/wp-json\/wp\/v2\/media?parent=805"}],"wp:term":[{"taxonomy":"product_cat","embeddable":true,"href":"https:\/\/www.biciusodzius.lt\/lt\/wp-json\/wp\/v2\/product_cat?post=805"},{"taxonomy":"product_tag","embeddable":true,"href":"https:\/\/www.biciusodzius.lt\/lt\/wp-json\/wp\/v2\/product_tag?post=805"}],"curies":[{"name":"wp","href":"https:\/\/api.w.org\/{rel}","templated":true}]}}