{"id":1653,"date":"2020-11-07T22:45:35","date_gmt":"2020-11-07T19:45:35","guid":{"rendered":"https:\/\/www.biciusodzius.lt\/?post_type=product&#038;p=1653"},"modified":"2023-11-23T23:32:34","modified_gmt":"2023-11-23T20:32:34","slug":"beeswax-candle-in-a-tin-pelenu-rozine-su-gelemis","status":"publish","type":"product","link":"https:\/\/www.biciusodzius.lt\/lt\/produktas\/beeswax-candle-in-a-tin-pelenu-rozine-su-gelemis\/","title":{"rendered":"Deko kolekcijos va\u0161ko \u017evak\u0117 \"Pelen\u0173 ro\u017e\u0117 su g\u0117l\u0117mis\""},"content":{"rendered":"<p style=\"text-align: left\">M\u016bs\u0173 naujoji egzoti\u0161ka bi\u010di\u0173 va\u0161ko \u017evaki\u0173 kolekcija dailiuose ir kokybi\u0161kuose metaliniuose indeliuose. Galite rinktis i\u0161 gausyb\u0117s ra\u0161t\u0173 nuo ry\u0161ki\u0173 rytieti\u0161k\u0173, dekoratyvi\u0173 marokieti\u0161k\u0173 ar prabangi\u0173 geometrini\u0173.<\/p>\n<p>Bi\u010di\u0173 va\u0161ko privalumai:<\/p>\n<ul>\n<li>Skleid\u017eia neigiamus jonus, kurie valo ir grynina aplinkos or\u0105<\/li>\n<li>Sud\u0117tyje nat\u016braliai turi propolio, kuris puikiai \u017einomas gripo ir per\u0161alimo lig\u0173 gydime<\/li>\n<li>nei\u0161skiria toksini\u0173 med\u017eiag\u0173<\/li>\n<li>Nat\u016bralios, tobulai deran\u010dios kvap\u0173 natos: medus, \u017eiedai, pieva, mi\u0161kas...<\/li>\n<\/ul>\n<p>Pastaba: bi\u010di\u0173 va\u0161ko lydimos temperat\u016bra yra auk\u0161tesn\u0117, nei kit\u0173 va\u0161k\u0173. To pasekoje bi\u010di\u0173 va\u0161kas v\u0117sdamas susitraukia daugiau ir tarp va\u0161ko ir indeli\u0173 sieneli\u0173 atsiranda nedidelis tarpas. Tai ne tik normalu bi\u010di\u0173 va\u0161kui, bet ir yra \u017eenklas, jog \u012f va\u0161k\u0105 ne\u012fd\u0117ta joki\u0173 pried\u0173.<\/p>\n<p>Auk\u0161tis 7 cm<\/p>\n<p>Plotis 5 cm<\/p>\n<p>Svoris 140 g<\/p>","protected":false},"excerpt":{"rendered":"<p>Bi\u010di\u0173 va\u0161ko \u017evak\u0117 dekoratyviame metaliniame indelyje su dangteliu. Rinkit\u0117s labiausiai patinkan\u010di\u0105 i\u0161 gausyb\u0117s DECO KOLEKCIJOS stili\u0173.<\/p>\n<p>&nbsp;<\/p>","protected":false},"featured_media":1654,"comment_status":"open","ping_status":"closed","template":"","meta":{"_monsterinsights_skip_tracking":false,"_monsterinsights_sitenote_active":false,"_monsterinsights_sitenote_note":"","_monsterinsights_sitenote_category":0},"product_cat":[70,190,188,196],"product_tag":[139,83,134,192,191,85,81],"_links":{"self":[{"href":"https:\/\/www.biciusodzius.lt\/lt\/wp-json\/wp\/v2\/product\/1653"}],"collection":[{"href":"https:\/\/www.biciusodzius.lt\/lt\/wp-json\/wp\/v2\/product"}],"about":[{"href":"https:\/\/www.biciusodzius.lt\/lt\/wp-json\/wp\/v2\/types\/product"}],"replies":[{"embeddable":true,"href":"https:\/\/www.biciusodzius.lt\/lt\/wp-json\/wp\/v2\/comments?post=1653"}],"wp:featuredmedia":[{"embeddable":true,"href":"https:\/\/www.biciusodzius.lt\/lt\/wp-json\/wp\/v2\/media\/1654"}],"wp:attachment":[{"href":"https:\/\/www.biciusodzius.lt\/lt\/wp-json\/wp\/v2\/media?parent=1653"}],"wp:term":[{"taxonomy":"product_cat","embeddable":true,"href":"https:\/\/www.biciusodzius.lt\/lt\/wp-json\/wp\/v2\/product_cat?post=1653"},{"taxonomy":"product_tag","embeddable":true,"href":"https:\/\/www.biciusodzius.lt\/lt\/wp-json\/wp\/v2\/product_tag?post=1653"}],"curies":[{"name":"wp","href":"https:\/\/api.w.org\/{rel}","templated":true}]}}