{"id":1441,"date":"2020-12-16T00:38:16","date_gmt":"2020-12-15T21:38:16","guid":{"rendered":"https:\/\/www.biciusodzius.lt\/?post_type=product&#038;p=1441"},"modified":"2025-03-13T21:40:15","modified_gmt":"2025-03-13T18:40:15","slug":"biciu-pikis-propolis-33-g","status":"publish","type":"product","link":"https:\/\/www.biciusodzius.lt\/lt\/produktas\/biciu-pikis-propolis-33-g\/","title":{"rendered":"Bi\u010di\u0173 Pikis &#8211; Propolis 33 g"},"content":{"rendered":"<p>Bi\u010di\u0173 Pikis- Propolis<\/p>","protected":false},"excerpt":{"rendered":"<p>Bi\u010di\u0173 Pikis- Propolis<\/p>\n<p>Grynasis kiekis &#8211; 33 g.<\/p>","protected":false},"featured_media":1442,"comment_status":"open","ping_status":"closed","template":"","meta":{"_monsterinsights_skip_tracking":false,"_monsterinsights_sitenote_active":false,"_monsterinsights_sitenote_note":"","_monsterinsights_sitenote_category":0},"product_cat":[71],"product_tag":[],"_links":{"self":[{"href":"https:\/\/www.biciusodzius.lt\/lt\/wp-json\/wp\/v2\/product\/1441"}],"collection":[{"href":"https:\/\/www.biciusodzius.lt\/lt\/wp-json\/wp\/v2\/product"}],"about":[{"href":"https:\/\/www.biciusodzius.lt\/lt\/wp-json\/wp\/v2\/types\/product"}],"replies":[{"embeddable":true,"href":"https:\/\/www.biciusodzius.lt\/lt\/wp-json\/wp\/v2\/comments?post=1441"}],"wp:featuredmedia":[{"embeddable":true,"href":"https:\/\/www.biciusodzius.lt\/lt\/wp-json\/wp\/v2\/media\/1442"}],"wp:attachment":[{"href":"https:\/\/www.biciusodzius.lt\/lt\/wp-json\/wp\/v2\/media?parent=1441"}],"wp:term":[{"taxonomy":"product_cat","embeddable":true,"href":"https:\/\/www.biciusodzius.lt\/lt\/wp-json\/wp\/v2\/product_cat?post=1441"},{"taxonomy":"product_tag","embeddable":true,"href":"https:\/\/www.biciusodzius.lt\/lt\/wp-json\/wp\/v2\/product_tag?post=1441"}],"curies":[{"name":"wp","href":"https:\/\/api.w.org\/{rel}","templated":true}]}}