{"id":1432,"date":"2020-12-15T22:55:04","date_gmt":"2020-12-15T19:55:04","guid":{"rendered":"https:\/\/www.biciusodzius.lt\/?post_type=product&#038;p=1432"},"modified":"2024-07-15T17:33:42","modified_gmt":"2024-07-15T14:33:42","slug":"biciu-duona-duonele","status":"publish","type":"product","link":"https:\/\/www.biciusodzius.lt\/lt\/produktas\/biciu-duona-duonele\/","title":{"rendered":"Bi\u010di\u0173 Duonel\u0117"},"content":{"rendered":"<p>Bi\u010di\u0173 duonel\u0117, tai \u017eiedadulki\u0173 ir medaus mi\u0161inys, kur\u012f bit\u0117s surenka \u012f medaus korius. \u010cia \u0161is mi\u0161inys fermentuojasi, ko pasekoje tampa itin maistingas ir lengvai \u012fsisavinamas. \nManoma, jog bi\u010di\u0173 duonel\u0117 padeda stiprinti m\u016bs\u0173 imunin\u0119 sistem\u0105.<\/p>\n<p>Laikyti sausoje v\u0117sioje vietoje, vengiant tiesiogini\u0173 saul\u0117s spinduli\u0173.<\/p>","protected":false},"excerpt":{"rendered":"<p>Bi\u010di\u0173 duonel\u0117, tai \u017eiedadulki\u0173 ir medaus mi\u0161inys, kur\u012f bit\u0117s surenka \u012f medaus korius. \u010cia \u0161is mi\u0161inys fermentuojasi, ko pasekoje tampa itin maistingas ir lengvai \u012fsisavinamas. \nManoma, jog bi\u010di\u0173 duonel\u0117 padeda stiprinti m\u016bs\u0173 imunin\u0119 sistem\u0105.<\/p>\n<p>&nbsp;<\/p>","protected":false},"featured_media":1436,"comment_status":"open","ping_status":"closed","template":"","meta":{"_monsterinsights_skip_tracking":false,"_monsterinsights_sitenote_active":false,"_monsterinsights_sitenote_note":"","_monsterinsights_sitenote_category":0},"product_cat":[71],"product_tag":[220,219,218,133,130,120,132],"_links":{"self":[{"href":"https:\/\/www.biciusodzius.lt\/lt\/wp-json\/wp\/v2\/product\/1432"}],"collection":[{"href":"https:\/\/www.biciusodzius.lt\/lt\/wp-json\/wp\/v2\/product"}],"about":[{"href":"https:\/\/www.biciusodzius.lt\/lt\/wp-json\/wp\/v2\/types\/product"}],"replies":[{"embeddable":true,"href":"https:\/\/www.biciusodzius.lt\/lt\/wp-json\/wp\/v2\/comments?post=1432"}],"wp:featuredmedia":[{"embeddable":true,"href":"https:\/\/www.biciusodzius.lt\/lt\/wp-json\/wp\/v2\/media\/1436"}],"wp:attachment":[{"href":"https:\/\/www.biciusodzius.lt\/lt\/wp-json\/wp\/v2\/media?parent=1432"}],"wp:term":[{"taxonomy":"product_cat","embeddable":true,"href":"https:\/\/www.biciusodzius.lt\/lt\/wp-json\/wp\/v2\/product_cat?post=1432"},{"taxonomy":"product_tag","embeddable":true,"href":"https:\/\/www.biciusodzius.lt\/lt\/wp-json\/wp\/v2\/product_tag?post=1432"}],"curies":[{"name":"wp","href":"https:\/\/api.w.org\/{rel}","templated":true}]}}