{"id":1336,"date":"2020-12-08T04:06:22","date_gmt":"2020-12-08T01:06:22","guid":{"rendered":"https:\/\/www.biciusodzius.lt\/?post_type=product&#038;p=1336"},"modified":"2023-12-02T01:16:32","modified_gmt":"2023-12-01T22:16:32","slug":"dovana-2-vasko-zvakes-dezuteje-su-langu","status":"publish","type":"product","link":"https:\/\/www.biciusodzius.lt\/lt\/produktas\/dovana-2-vasko-zvakes-dezuteje-su-langu\/","title":{"rendered":"Dviej\u0173 va\u0161ko \u017evaki\u0173 dovana d\u0117\u017eut\u0117je su langu"},"content":{"rendered":"<p>Visos m\u016bs\u0173 \u017evak\u0117s pagamintos i\u0161 nat\u016bralaus bi\u010di\u0173 va\u0161ko.<\/p>\n<div id=\"tab-description\" class=\"woocommerce-Tabs-panel woocommerce-Tabs-panel--description panel entry-content active\" role=\"tabpanel\" aria-labelledby=\"tab-title-description\">\n<p>Bi\u010di\u0173 va\u0161ko privalumai:<\/p>\n<ul>\n<li>Skleid\u017eia neigiamus jonus, kurie valo ir grynina aplinkos or\u0105<\/li>\n<li>Sud\u0117tyje nat\u016braliai turi propolio, kuris puikiai \u017einomas gripo ir per\u0161alimo lig\u0173 gydime<\/li>\n<li>nei\u0161skiria toksini\u0173 med\u017eiag\u0173<\/li>\n<li>Nat\u016bralios, tobulai deran\u010dios kvap\u0173 natos: medus, \u017eiedai, pieva, mi\u0161kas...<\/li>\n<\/ul>\n<\/div>","protected":false},"excerpt":{"rendered":"<p>Nat\u016bralaus bi\u010di\u0173 va\u0161ko \u017evak\u0117s \u017ealioje dovan\u0173 d\u0117\u017eut\u0117je su langeliais. I\u0161sirinkite dvi labiausiai patinkan\u010dias \u017evakes.<\/p>\n<p>&nbsp;<\/p>","protected":false},"featured_media":1337,"comment_status":"open","ping_status":"closed","template":"","meta":{"_monsterinsights_skip_tracking":false,"_monsterinsights_sitenote_active":false,"_monsterinsights_sitenote_note":"","_monsterinsights_sitenote_category":0},"product_cat":[15],"product_tag":[86,130,83,134,140,121,135,120,142,122,141,81],"_links":{"self":[{"href":"https:\/\/www.biciusodzius.lt\/lt\/wp-json\/wp\/v2\/product\/1336"}],"collection":[{"href":"https:\/\/www.biciusodzius.lt\/lt\/wp-json\/wp\/v2\/product"}],"about":[{"href":"https:\/\/www.biciusodzius.lt\/lt\/wp-json\/wp\/v2\/types\/product"}],"replies":[{"embeddable":true,"href":"https:\/\/www.biciusodzius.lt\/lt\/wp-json\/wp\/v2\/comments?post=1336"}],"wp:featuredmedia":[{"embeddable":true,"href":"https:\/\/www.biciusodzius.lt\/lt\/wp-json\/wp\/v2\/media\/1337"}],"wp:attachment":[{"href":"https:\/\/www.biciusodzius.lt\/lt\/wp-json\/wp\/v2\/media?parent=1336"}],"wp:term":[{"taxonomy":"product_cat","embeddable":true,"href":"https:\/\/www.biciusodzius.lt\/lt\/wp-json\/wp\/v2\/product_cat?post=1336"},{"taxonomy":"product_tag","embeddable":true,"href":"https:\/\/www.biciusodzius.lt\/lt\/wp-json\/wp\/v2\/product_tag?post=1336"}],"curies":[{"name":"wp","href":"https:\/\/api.w.org\/{rel}","templated":true}]}}