{"id":1135,"date":"2020-12-04T22:29:43","date_gmt":"2020-12-04T19:29:43","guid":{"rendered":"https:\/\/www.biciusodzius.lt\/?post_type=product&#038;p=1135"},"modified":"2023-12-02T01:10:04","modified_gmt":"2023-12-01T22:10:04","slug":"vasko-zvake-dovanu-dezuteje-1","status":"publish","type":"product","link":"https:\/\/www.biciusodzius.lt\/lt\/produktas\/vasko-zvake-dovanu-dezuteje-1\/","title":{"rendered":"Deko kolekcijos va\u0161ko \u017evak\u0117 Prabangioje magnetin\u0117je d\u0117\u017eut\u0117je su \u0161ilkiniu popieriumi"},"content":{"rendered":"<p>M\u016bs\u0173 naujoji egzoti\u0161ka bi\u010di\u0173 va\u0161ko \u017evaki\u0173 kolekcija dailiuose ir kokybi\u0161kuose metaliniuose indeliuose. Galite rinktis i\u0161 gausyb\u0117s ra\u0161t\u0173 nuo ry\u0161ki\u0173 rytieti\u0161k\u0173, dekoratyvi\u0173 marokieti\u0161k\u0173 ar prabangi\u0173 geometrini\u0173.<\/p>\n<p>Bi\u010di\u0173 va\u0161ko privalumai:<\/p>\n<ul>\n<li>Skleid\u017eia neigiamus jonus, kurie valo ir grynina aplinkos or\u0105<\/li>\n<li>Sud\u0117tyje nat\u016braliai turi propolio, kuris puikiai \u017einomas gripo ir per\u0161alimo lig\u0173 gydime<\/li>\n<li>nei\u0161skiria toksini\u0173 med\u017eiag\u0173<\/li>\n<li>Nat\u016bralios, tobulai deran\u010dios kvap\u0173 natos: medus, \u017eiedai, pieva, mi\u0161kas...<\/li>\n<\/ul>\n<p>Pastaba: bi\u010di\u0173 va\u0161ko lydimos temperat\u016bra yra auk\u0161tesn\u0117, nei kit\u0173 va\u0161k\u0173. To pasekoje bi\u010di\u0173 va\u0161kas v\u0117sdamas susitraukia daugiau ir tarp va\u0161ko ir indeli\u0173 sieneli\u0173 atsiranda nedidelis tarpas. Tai ne tik normalu bi\u010di\u0173 va\u0161kui, bet ir yra \u017eenklas, jog \u012f va\u0161k\u0105 ne\u012fd\u0117ta joki\u0173 pried\u0173.<\/p>\n<p>Auk\u0161tis 8 cm<\/p>\n<p>Width 10 cm<\/p>\n<p>&nbsp;<\/p>","protected":false},"excerpt":{"rendered":"<p>!!RIBOTO LEIDIMO KOLEKCIJA!!<\/p>\n<p>Deko linijos va\u0161ko \u017evak\u0117, supakuota \u012f prabangi\u0105 magnetin\u0119 d\u0117\u017eut\u0119, u\u017epildui naudojant metalizuot\u0105 \u0161ilkin\u012f popieri\u0173. \u0160i daili ir kokybi\u0161ka dovana tikrai nud\u017eiugins kiekvien\u0105.<\/p>\n<p>&nbsp;<\/p>","protected":false},"featured_media":1136,"comment_status":"open","ping_status":"closed","template":"","meta":{"_monsterinsights_skip_tracking":false,"_monsterinsights_sitenote_active":false,"_monsterinsights_sitenote_note":"","_monsterinsights_sitenote_category":0},"product_cat":[15,196],"product_tag":[139,83,134,192,191,85,81],"_links":{"self":[{"href":"https:\/\/www.biciusodzius.lt\/lt\/wp-json\/wp\/v2\/product\/1135"}],"collection":[{"href":"https:\/\/www.biciusodzius.lt\/lt\/wp-json\/wp\/v2\/product"}],"about":[{"href":"https:\/\/www.biciusodzius.lt\/lt\/wp-json\/wp\/v2\/types\/product"}],"replies":[{"embeddable":true,"href":"https:\/\/www.biciusodzius.lt\/lt\/wp-json\/wp\/v2\/comments?post=1135"}],"wp:featuredmedia":[{"embeddable":true,"href":"https:\/\/www.biciusodzius.lt\/lt\/wp-json\/wp\/v2\/media\/1136"}],"wp:attachment":[{"href":"https:\/\/www.biciusodzius.lt\/lt\/wp-json\/wp\/v2\/media?parent=1135"}],"wp:term":[{"taxonomy":"product_cat","embeddable":true,"href":"https:\/\/www.biciusodzius.lt\/lt\/wp-json\/wp\/v2\/product_cat?post=1135"},{"taxonomy":"product_tag","embeddable":true,"href":"https:\/\/www.biciusodzius.lt\/lt\/wp-json\/wp\/v2\/product_tag?post=1135"}],"curies":[{"name":"wp","href":"https:\/\/api.w.org\/{rel}","templated":true}]}}