{"id":1666,"date":"2020-11-07T23:59:10","date_gmt":"2020-11-07T20:59:10","guid":{"rendered":"https:\/\/www.biciusodzius.lt\/?post_type=product&#038;p=1666"},"modified":"2023-11-23T23:12:43","modified_gmt":"2023-11-23T20:12:43","slug":"beeswax-candle-in-a-tin-isplauke-ziedai","status":"publish","type":"product","link":"https:\/\/www.biciusodzius.lt\/en\/product\/beeswax-candle-in-a-tin-isplauke-ziedai\/","title":{"rendered":"Beeswax candle in a tin &#8220;I\u0161plauk\u0119 \u017eiedai&#8221;"},"content":{"rendered":"<p style=\"text-align: left\">Our limited edition collection of our pure beeswax candles handpoured in a gorgeous metal tins. You can choose from a variety of designs from bright orientals or decorative marrakech to fancy geometric.<\/p>\n<p>Benefits of burning beeswax candles:<\/p>\n<ul>\n<li>Releases negative ions cleaning and purifying the air<\/li>\n<li>Contain propolis that is known for cold and flue treatment<\/li>\n<li>Non toxic<\/li>\n<li>Naturally fragranced with all perfect notes of summer: honey, bloom, meadow, forest\u2026<\/li>\n<\/ul>\n<p>Please note: beeswax melting point is higher than other waxes, so in cooling process it shrinks more. As a result of shrinking you&#8217;ll notice little gap from the edges of tin- it&#8217;s absolutely normal and shows that beeswax in your candle is all natural and doesn&#8217;t have any additives.<\/p>\n<p>Height 7 cm<\/p>\n<p>Width 5 cm<\/p>\n<p>Weight 140 g<\/p>\n","protected":false},"excerpt":{"rendered":"<p>Pure beeswax candles in a decorative tin jar with a lid. Choose your favorite from a variety of styles.<\/p>\n<p>&nbsp;<\/p>\n","protected":false},"featured_media":1667,"comment_status":"open","ping_status":"closed","template":"","meta":{"_monsterinsights_skip_tracking":false,"_monsterinsights_sitenote_active":false,"_monsterinsights_sitenote_note":"","_monsterinsights_sitenote_category":0},"product_cat":[70,190,188,196],"product_tag":[139,83,134,192,191,85,81],"_links":{"self":[{"href":"https:\/\/www.biciusodzius.lt\/en\/wp-json\/wp\/v2\/product\/1666"}],"collection":[{"href":"https:\/\/www.biciusodzius.lt\/en\/wp-json\/wp\/v2\/product"}],"about":[{"href":"https:\/\/www.biciusodzius.lt\/en\/wp-json\/wp\/v2\/types\/product"}],"replies":[{"embeddable":true,"href":"https:\/\/www.biciusodzius.lt\/en\/wp-json\/wp\/v2\/comments?post=1666"}],"wp:featuredmedia":[{"embeddable":true,"href":"https:\/\/www.biciusodzius.lt\/en\/wp-json\/wp\/v2\/media\/1667"}],"wp:attachment":[{"href":"https:\/\/www.biciusodzius.lt\/en\/wp-json\/wp\/v2\/media?parent=1666"}],"wp:term":[{"taxonomy":"product_cat","embeddable":true,"href":"https:\/\/www.biciusodzius.lt\/en\/wp-json\/wp\/v2\/product_cat?post=1666"},{"taxonomy":"product_tag","embeddable":true,"href":"https:\/\/www.biciusodzius.lt\/en\/wp-json\/wp\/v2\/product_tag?post=1666"}],"curies":[{"name":"wp","href":"https:\/\/api.w.org\/{rel}","templated":true}]}}